{"id":9,"date":"2017-06-30T14:19:21","date_gmt":"2017-06-30T12:19:21","guid":{"rendered":"http:\/\/lacremaillere-taninges.fr\/?page_id=9"},"modified":"2025-10-01T15:03:44","modified_gmt":"2025-10-01T13:03:44","slug":"home","status":"publish","type":"page","link":"https:\/\/lacremaillere-taninges.fr\/","title":{"rendered":"Home"},"content":{"rendered":"<section class=\"wpb-content-wrapper\"><p>[vc_row 0=\u00a0\u00bb\u00a0\u00bb undefined=\u00a0\u00bb0.5&Prime;][vc_column 0=\u00a0\u00bb\u00a0\u00bb][vc_row_inner 0=\u00a0\u00bb\u00a0\u00bb][vc_column_inner 0=\u00a0\u00bb\u00a0\u00bb][vc_column_text css=\u00a0\u00bb.vc_custom_1659968217256{margin-top: -10px !important;}\u00a0\u00bb]<\/p>\n<p style=\"text-align: center;\">Restaurant \u00e0 Taninges, France (74)<\/p>\n<p style=\"text-align: center;\"><strong>Carte courte \u00e9voluant au fil des saisons.<\/strong> Produits frais, fait-maison.<\/p>\n<p>[\/vc_column_text][\/vc_column_inner][\/vc_row_inner][\/vc_column][\/vc_row][vc_row 0=\u00a0\u00bb\u00a0\u00bb undefined=\u00a0\u00bb0.5&Prime; css=\u00a0\u00bb.vc_custom_1659968279606{margin-top: 40px !important;}\u00a0\u00bb][vc_column 0=\u00a0\u00bb\u00a0\u00bb][vc_custom_heading text=\u00a0\u00bbNous sommes ouverts :\u00a0\u00bb font_container=\u00a0\u00bbtag:h2|font_size:20|text_align:center|color:%23000000&Prime; google_fonts=\u00a0\u00bbfont_family:Archivo%20Narrow%3Aregular%2Citalic%2C700%2C700italic|font_style:700%20bold%20regular%3A700%3Anormal\u00a0\u00bb css=\u00a0\u00bb.vc_custom_1659968134995{margin-top: -5px !important;}\u00a0\u00bb][vc_column_text 0=\u00a0\u00bb\u00a0\u00bb]<\/p>\n<p style=\"text-align: center;\"><strong>Ouvert du mardi au dimanche midi<\/strong><br \/>\n12h-14h | 19h-21h<br \/>\nFerm\u00e9 le lundi et le mercredi<\/p>\n<p>&nbsp;<\/p>\n<p><script src=\"https:\/\/www.jscache.com\/wejs?wtype=restaurantWidgetWhite&#038;uniq=580&#038;locationId=4572571&#038;icon=knifeAndFork&#038;lang=fr&#038;display_version=2\"><\/script>[\/vc_column_text][vc_column_text css=\u00a0\u00bb.vc_custom_1659968170522{margin-top: -10px !important;}\u00a0\u00bb]<\/p>\n<p style=\"text-align: center;\">223, route du Lac de Fl\u00e9rier, Taninges<br \/>\n+33(0)9 83 23 23 58<br \/>\n<a href=\"mailto:degeiter.joane@gmail.com\">degeiter.joane@gmail.com<\/a><\/p>\n<p>[\/vc_column_text][vc_column_text 0=\u00a0\u00bb\u00a0\u00bb]<\/p>\n<p>[\/vc_column_text][\/vc_column][\/vc_row]<\/p>\n<\/section>","protected":false},"excerpt":{"rendered":"<p>&#8230;<\/p>\n","protected":false},"author":1,"featured_media":0,"parent":0,"menu_order":0,"comment_status":"closed","ping_status":"closed","template":"homepage2.php","meta":{"footnotes":""},"class_list":["post-9","page","type-page","status-publish","hentry"],"yoast_head":"<!-- This site is optimized with the Yoast SEO plugin v27.2 - https:\/\/yoast.com\/product\/yoast-seo-wordpress\/ -->\n<title>Restaurant la Cr\u00e9maill\u00e8re \u00e0 Taninges - Haute-SAvoie<\/title>\n<meta name=\"description\" content=\"La Cr\u00e9maill\u00e8re, votre restaurant ouvert \u00e0 l&#039;ann\u00e9e \u00e0 Taninges. Carte sur Ardoise, \u00e9voluant au fil des saisons. Produits frais, fait-maison.\" \/>\n<meta name=\"robots\" content=\"index, follow, max-snippet:-1, max-image-preview:large, max-video-preview:-1\" \/>\n<link rel=\"canonical\" href=\"https:\/\/lacremaillere-taninges.fr\/\" \/>\n<meta property=\"og:locale\" content=\"fr_FR\" \/>\n<meta property=\"og:type\" content=\"article\" \/>\n<meta property=\"og:title\" content=\"Restaurant la Cr\u00e9maill\u00e8re \u00e0 Taninges - Haute-SAvoie\" \/>\n<meta property=\"og:description\" content=\"La Cr\u00e9maill\u00e8re, votre restaurant ouvert \u00e0 l&#039;ann\u00e9e \u00e0 Taninges. Carte sur Ardoise, \u00e9voluant au fil des saisons. Produits frais, fait-maison.\" \/>\n<meta property=\"og:url\" content=\"https:\/\/lacremaillere-taninges.fr\/\" \/>\n<meta property=\"og:site_name\" content=\"LaCremaillereTaninges\" \/>\n<meta property=\"article:modified_time\" content=\"2025-10-01T13:03:44+00:00\" \/>\n<meta name=\"twitter:card\" content=\"summary_large_image\" \/>\n<meta name=\"twitter:label1\" content=\"Dur\u00e9e de lecture estim\u00e9e\" \/>\n\t<meta name=\"twitter:data1\" content=\"1 minute\" \/>\n<script type=\"application\/ld+json\" class=\"yoast-schema-graph\">{\"@context\":\"https:\/\/schema.org\",\"@graph\":[{\"@type\":\"WebPage\",\"@id\":\"https:\/\/lacremaillere-taninges.fr\/\",\"url\":\"https:\/\/lacremaillere-taninges.fr\/\",\"name\":\"Restaurant la Cr\u00e9maill\u00e8re \u00e0 Taninges - Haute-SAvoie\",\"isPartOf\":{\"@id\":\"https:\/\/lacremaillere-taninges.fr\/#website\"},\"datePublished\":\"2017-06-30T12:19:21+00:00\",\"dateModified\":\"2025-10-01T13:03:44+00:00\",\"description\":\"La Cr\u00e9maill\u00e8re, votre restaurant ouvert \u00e0 l'ann\u00e9e \u00e0 Taninges. Carte sur Ardoise, \u00e9voluant au fil des saisons. Produits frais, fait-maison.\",\"breadcrumb\":{\"@id\":\"https:\/\/lacremaillere-taninges.fr\/#breadcrumb\"},\"inLanguage\":\"fr-FR\",\"potentialAction\":[{\"@type\":\"ReadAction\",\"target\":[\"https:\/\/lacremaillere-taninges.fr\/\"]}]},{\"@type\":\"BreadcrumbList\",\"@id\":\"https:\/\/lacremaillere-taninges.fr\/#breadcrumb\",\"itemListElement\":[{\"@type\":\"ListItem\",\"position\":1,\"name\":\"Accueil\",\"item\":\"https:\/\/lacremaillere-taninges.fr\/\"},{\"@type\":\"ListItem\",\"position\":2,\"name\":\"Home\"}]},{\"@type\":\"WebSite\",\"@id\":\"https:\/\/lacremaillere-taninges.fr\/#website\",\"url\":\"https:\/\/lacremaillere-taninges.fr\/\",\"name\":\"LaCremaillereTaninges\",\"description\":\"Bar, Restaurant \u00e0 Taninges\",\"potentialAction\":[{\"@type\":\"SearchAction\",\"target\":{\"@type\":\"EntryPoint\",\"urlTemplate\":\"https:\/\/lacremaillere-taninges.fr\/?s={search_term_string}\"},\"query-input\":{\"@type\":\"PropertyValueSpecification\",\"valueRequired\":true,\"valueName\":\"search_term_string\"}}],\"inLanguage\":\"fr-FR\"}]}<\/script>\n<!-- \/ Yoast SEO plugin. -->","yoast_head_json":{"title":"Restaurant la Cr\u00e9maill\u00e8re \u00e0 Taninges - Haute-SAvoie","description":"La Cr\u00e9maill\u00e8re, votre restaurant ouvert \u00e0 l'ann\u00e9e \u00e0 Taninges. Carte sur Ardoise, \u00e9voluant au fil des saisons. Produits frais, fait-maison.","robots":{"index":"index","follow":"follow","max-snippet":"max-snippet:-1","max-image-preview":"max-image-preview:large","max-video-preview":"max-video-preview:-1"},"canonical":"https:\/\/lacremaillere-taninges.fr\/","og_locale":"fr_FR","og_type":"article","og_title":"Restaurant la Cr\u00e9maill\u00e8re \u00e0 Taninges - Haute-SAvoie","og_description":"La Cr\u00e9maill\u00e8re, votre restaurant ouvert \u00e0 l'ann\u00e9e \u00e0 Taninges. Carte sur Ardoise, \u00e9voluant au fil des saisons. Produits frais, fait-maison.","og_url":"https:\/\/lacremaillere-taninges.fr\/","og_site_name":"LaCremaillereTaninges","article_modified_time":"2025-10-01T13:03:44+00:00","twitter_card":"summary_large_image","twitter_misc":{"Dur\u00e9e de lecture estim\u00e9e":"1 minute"},"schema":{"@context":"https:\/\/schema.org","@graph":[{"@type":"WebPage","@id":"https:\/\/lacremaillere-taninges.fr\/","url":"https:\/\/lacremaillere-taninges.fr\/","name":"Restaurant la Cr\u00e9maill\u00e8re \u00e0 Taninges - Haute-SAvoie","isPartOf":{"@id":"https:\/\/lacremaillere-taninges.fr\/#website"},"datePublished":"2017-06-30T12:19:21+00:00","dateModified":"2025-10-01T13:03:44+00:00","description":"La Cr\u00e9maill\u00e8re, votre restaurant ouvert \u00e0 l'ann\u00e9e \u00e0 Taninges. Carte sur Ardoise, \u00e9voluant au fil des saisons. Produits frais, fait-maison.","breadcrumb":{"@id":"https:\/\/lacremaillere-taninges.fr\/#breadcrumb"},"inLanguage":"fr-FR","potentialAction":[{"@type":"ReadAction","target":["https:\/\/lacremaillere-taninges.fr\/"]}]},{"@type":"BreadcrumbList","@id":"https:\/\/lacremaillere-taninges.fr\/#breadcrumb","itemListElement":[{"@type":"ListItem","position":1,"name":"Accueil","item":"https:\/\/lacremaillere-taninges.fr\/"},{"@type":"ListItem","position":2,"name":"Home"}]},{"@type":"WebSite","@id":"https:\/\/lacremaillere-taninges.fr\/#website","url":"https:\/\/lacremaillere-taninges.fr\/","name":"LaCremaillereTaninges","description":"Bar, Restaurant \u00e0 Taninges","potentialAction":[{"@type":"SearchAction","target":{"@type":"EntryPoint","urlTemplate":"https:\/\/lacremaillere-taninges.fr\/?s={search_term_string}"},"query-input":{"@type":"PropertyValueSpecification","valueRequired":true,"valueName":"search_term_string"}}],"inLanguage":"fr-FR"}]}},"_links":{"self":[{"href":"https:\/\/lacremaillere-taninges.fr\/index.php?rest_route=\/wp\/v2\/pages\/9","targetHints":{"allow":["GET"]}}],"collection":[{"href":"https:\/\/lacremaillere-taninges.fr\/index.php?rest_route=\/wp\/v2\/pages"}],"about":[{"href":"https:\/\/lacremaillere-taninges.fr\/index.php?rest_route=\/wp\/v2\/types\/page"}],"author":[{"embeddable":true,"href":"https:\/\/lacremaillere-taninges.fr\/index.php?rest_route=\/wp\/v2\/users\/1"}],"replies":[{"embeddable":true,"href":"https:\/\/lacremaillere-taninges.fr\/index.php?rest_route=%2Fwp%2Fv2%2Fcomments&post=9"}],"version-history":[{"count":102,"href":"https:\/\/lacremaillere-taninges.fr\/index.php?rest_route=\/wp\/v2\/pages\/9\/revisions"}],"predecessor-version":[{"id":1683,"href":"https:\/\/lacremaillere-taninges.fr\/index.php?rest_route=\/wp\/v2\/pages\/9\/revisions\/1683"}],"wp:attachment":[{"href":"https:\/\/lacremaillere-taninges.fr\/index.php?rest_route=%2Fwp%2Fv2%2Fmedia&parent=9"}],"curies":[{"name":"wp","href":"https:\/\/api.w.org\/{rel}","templated":true}]}}